{"id":2,"date":"2019-08-15T10:05:43","date_gmt":"2019-08-15T08:05:43","guid":{"rendered":"https:\/\/www.copyamcampus.de\/wordpress\/?page_id=2"},"modified":"2025-11-23T19:10:11","modified_gmt":"2025-11-23T18:10:11","slug":"beispiel-seite","status":"publish","type":"page","link":"https:\/\/www.copyamcampus.de\/wordpress\/","title":{"rendered":"Startseite"},"content":{"rendered":"\n\n\n<p><\/p><p>\n\nWir hei\u00dfen Sie herzlich willkommen auf der Webseite unseres Copy-Shops in Frankfurt am Main.<\/p><p>Die Einrichtung unseres Laser-Kopier-Service ist nagelneu und auf dem aktuellsten Stand der Technik.<\/p><p><\/p>\n\n\n\n<p><\/p>\n\n\n<p><\/p>\n\n\n<\/p><p>Unser Ger\u00e4tepark erf\u00fcllt h\u00f6chste Anspr\u00fcche an pr\u00e4zise, moderne Reproduktionstechnologie und garantiert unsere Arbeitsphilosophie: Schnelligkeit \u2013 Zuverl\u00e4ssigkeit \u2013 Akkuratesse<\/p><p>\n\n\n<p><\/p>\n\n\n<\/p><p>Diese Eigenschaften sind unsere Topics, die uns die M\u00f6glichkeit geben, die Bedarfsf\u00e4lle unserer Kunden, ob aus den Bereichen Universit\u00e4ten, Kanzleien und Banken, ob aus Industrie und Handel, oder aus dem Privatbereich zu \u00fcbernehmen und ihre Auftr\u00e4ge vorbildlich zu erf\u00fcllen.<\/p><p>\n\n\n<p><\/p>\n\n\n<\/p><p>Jederzeit beraten wir Sie gern bei Ihren Projekten, telefonisch, per E-Mailoder bei einem stets willkommenen Besuch in unserem Shop in der Parkstra\u00dfe 20 in 60322 Frankfurt, gegen\u00fcber der Johann Wolfgang Goethe Universit\u00e4t.<\/p><p>\n\n\n<p><\/p>\n\n\n<\/p><p>Machen Sie von unserem schon bekannten Rundum-Service Gebrauch.<\/p><p>\n\n\n<p><\/p>\n\n\n<\/p><figure class=\"wp-block-image is-resized\"><img loading=\"lazy\" class=\"wp-image-193\" src=\"https:\/\/www.copyamcampus.de\/wordpress\/wp-content\/uploads\/2019\/08\/IMG_2640.jpg\" alt=\"\" width=\"1024\" height=\"350\" srcset=\"https:\/\/www.copyamcampus.de\/wordpress\/wp-content\/uploads\/2019\/08\/IMG_2640.jpg 1024w, https:\/\/www.copyamcampus.de\/wordpress\/wp-content\/uploads\/2019\/08\/IMG_2640-300x103.jpg 300w, https:\/\/www.copyamcampus.de\/wordpress\/wp-content\/uploads\/2019\/08\/IMG_2640-768x263.jpg 768w\" sizes=\"(max-width: 1024px) 100vw, 1024px\" \/><\/figure><p>\n\n\n<p><\/p>","protected":false},"excerpt":{"rendered":"<p>Wir hei\u00dfen Sie herzlich willkommen auf der Webseite unseres Copy-Shops in Frankfurt am Main. Die&hellip;<\/p>\n","protected":false},"author":1,"featured_media":0,"parent":0,"menu_order":0,"comment_status":"closed","ping_status":"open","template":"template-full-width.php","meta":[],"_links":{"self":[{"href":"https:\/\/www.copyamcampus.de\/wordpress\/wp-json\/wp\/v2\/pages\/2"}],"collection":[{"href":"https:\/\/www.copyamcampus.de\/wordpress\/wp-json\/wp\/v2\/pages"}],"about":[{"href":"https:\/\/www.copyamcampus.de\/wordpress\/wp-json\/wp\/v2\/types\/page"}],"author":[{"embeddable":true,"href":"https:\/\/www.copyamcampus.de\/wordpress\/wp-json\/wp\/v2\/users\/1"}],"replies":[{"embeddable":true,"href":"https:\/\/www.copyamcampus.de\/wordpress\/wp-json\/wp\/v2\/comments?post=2"}],"version-history":[{"count":33,"href":"https:\/\/www.copyamcampus.de\/wordpress\/wp-json\/wp\/v2\/pages\/2\/revisions"}],"predecessor-version":[{"id":323,"href":"https:\/\/www.copyamcampus.de\/wordpress\/wp-json\/wp\/v2\/pages\/2\/revisions\/323"}],"wp:attachment":[{"href":"https:\/\/www.copyamcampus.de\/wordpress\/wp-json\/wp\/v2\/media?parent=2"}],"curies":[{"name":"wp","href":"https:\/\/api.w.org\/{rel}","templated":true}]}}