{"id":3,"date":"2019-08-15T10:05:43","date_gmt":"2019-08-15T08:05:43","guid":{"rendered":"https:\/\/www.copyamcampus.de\/wordpress\/?page_id=3"},"modified":"2019-08-25T13:18:46","modified_gmt":"2019-08-25T11:18:46","slug":"datenschutzerklaerung","status":"publish","type":"page","link":"https:\/\/www.copyamcampus.de\/wordpress\/datenschutzerklaerung\/","title":{"rendered":"Datenschutzerkl\u00e4rung"},"content":{"rendered":"\n<p>DATENSCHUTZERKL\u00c4RUNG<\/p>\n\n\n\n<p>\u00a7 1 Allgemeines<\/p>\n\n\n\n<p>Ihre personenbezogenen Daten (z.B. Anrede, Name, Anschrift,\nE-Mail-Adresse, Telefonnummer) werden von uns nur gem\u00e4\u00df den Bestimmungen des\ndeutschen Datenschutzrechts und des Datenschutzrechts der Europ\u00e4ischen Union\n(EU) verarbeitet. Die nachfolgenden Vorschriften informieren Sie neben den\nVerarbeitungszwecken, Rechtsgrundlagen,&nbsp;Empf\u00e4ngern, Speicherfristen auch\n\u00fcber Ihre Rechte und den Verantwortlichen f\u00fcr Ihre Datenverarbeitung. Diese\nDatenschutzerkl\u00e4rung bezieht sich nur auf unsere Websites. Falls Sie \u00fcber Links\nauf unseren Seiten auf andere Seiten weitergeleitet werden, informieren Sie\nsich bitte dort \u00fcber den jeweiligen Umgang mit Ihren Daten.<\/p>\n\n\n\n<p>\u00a7 2 Kontaktaufnahme<\/p>\n\n\n\n<p><strong>(1)\nVerarbeitungszweck<\/strong><\/p>\n\n\n\n<p>Ihre personenbezogenen Daten, die Sie uns per E-Mail,\nKontaktformular etc. zur Verf\u00fcgung stellen, verarbeiten wir zur Beantwortung\nund Erledigung Ihrer Anfragen. Sie sind nicht verpflichtet, uns Ihre\npersonenbezogenen Daten bereitzustellen. Aber ohne Mitteilung Ihrer E-Mail\nAdresse k\u00f6nnen wir Ihnen auch nicht per E-Mail antworten.<\/p>\n\n\n\n<p><strong>(2) Rechtsgrundlagen<\/strong><\/p>\n\n\n\n<p>a) Sollten Sie uns eine ausdr\u00fcckliche Einwilligung zur\nVerarbeitung Ihrer Daten gegeben haben, ist Art.&nbsp;6 Abs. 1a) DSGVO die\nRechtsgrundlage f\u00fcr diese Verarbeitung.<\/p>\n\n\n\n<p>b) Sollten wir Ihre Daten zur Durchf\u00fchrung vorvertraglicher\nMa\u00dfnahmen verarbeiten, ist Art.&nbsp;6 Abs. 1b) DSGVO die Rechtsgrundlage.<\/p>\n\n\n\n<p>c) In allen anderen F\u00e4llen (insbesondere bei Nutzung eines\nKontaktformulars) ist Art.&nbsp;6 Abs. 1f) DSGVO die Rechtsgrundlage.<\/p>\n\n\n\n<p><strong>WIDERSPRUCHSRECHT:\nSie haben das Recht, der Datenverarbeitung die auf der Grundlage des Art. 6\nAbs. 1 f) DSGVO erfolgt und nicht der Direktwerbung dient aus Gr\u00fcnden, die sich\naus Ihrer besonderen Situation ergeben, jederzeit zu widersprechen.<\/strong><\/p>\n\n\n\n<p><strong>Im Falle der\nDirektwerbung k\u00f6nnen Sie der Verarbeitung hingegen ohne Angabe von Gr\u00fcnden\njederzeit widersprechen. <\/strong><\/p>\n\n\n\n<p><strong>(3) Berechtigtes\nInteresse<\/strong><\/p>\n\n\n\n<p>Unser berechtigtes Interesse an der Verarbeitung besteht\ndarin, mit Ihnen auf schnellem Wege zu kommunizieren und Ihre Anfragen\nkosteng\u00fcnstig zu beantworten. Wenn Sie uns Ihre Anschrift mitteilen, behalten\nwir uns vor, diese f\u00fcr postalische Direktwerbung zu verwenden. Ihr Interesse am\nDatenschutz k\u00f6nnen Sie durch eine sparsame Datenweitergabe (z.B. Verwendung\neines Pseudonyms) wahren.<\/p>\n\n\n\n<p><strong>(4)\nEmpf\u00e4ngerkategorien<\/strong><\/p>\n\n\n\n<p>Hostinganbieter, Versanddienstleister bei Direktwerbung<\/p>\n\n\n\n<p><strong>(5) Speicherdauer<\/strong><\/p>\n\n\n\n<p>Ihre Daten werden gel\u00f6scht, wenn sich aus den Umst\u00e4nden\nentnehmen l\u00e4sst, dass Ihre Anfrage bzw. der betroffene Sachverhalt abschlie\u00dfend\ngekl\u00e4rt ist.<\/p>\n\n\n\n<p>Falls es jedoch zu einem Vertragsschluss kommt, werden die\nnach Handels- und Steuerrecht erforderlichen Daten von uns f\u00fcr die gesetzlich\nbestimmten Zeitr\u00e4ume aufbewahrt, also regelm\u00e4\u00dfig zehn Jahre (vgl. \u00a7&nbsp;257\nHGB, \u00a7&nbsp;147 AO).<\/p>\n\n\n\n<p><strong>(6) Widerrufsrecht<\/strong><\/p>\n\n\n\n<p>Sie haben im Fall der Verarbeitung aufgrund Ihrer\nEinwilligung das Recht, Ihre Einwilligung jederzeit zu widerrufen.<\/p>\n\n\n\n<p>\u00a7 3 Kommentare<\/p>\n\n\n\n<p><strong>(1)\nVerarbeitungszweck<\/strong><\/p>\n\n\n\n<p>Es besteht die M\u00f6glichkeit einen Kommentar zu verfassen.\nIhre Daten (z.B. Name\/Pseudonym, E-Mail-Adresse, Website) werden dann nur f\u00fcr\nden Zweck der Ver\u00f6ffentlichung Ihres Kommentars verarbeitet.<\/p>\n\n\n\n<p><strong>(2) Rechtsgrundlage<\/strong><\/p>\n\n\n\n<p>Rechtsgrundlage f\u00fcr diese Verarbeitung ist Art. 6 Abs. 1 f)\nDSGVO.<\/p>\n\n\n\n<p><strong>(3) Berechtigtes\nInteresse<\/strong><\/p>\n\n\n\n<p>Unser berechtigtes Interesse ist der \u00f6ffentliche Austausch\nvon Nutzermeinungen zu bestimmten Themen und Produkten. Die Ver\u00f6ffentlichung\ndient u.a. der Transparenz und Meinungsbildung. Ihr Interesse am Datenschutz\nbleibt gewahrt, da Sie Ihren Kommentar unter einem Pseudonym ver\u00f6ffentlichen\nk\u00f6nnen.<\/p>\n\n\n\n<p><strong>(4) Speicherdauer<\/strong><\/p>\n\n\n\n<p>Eine bestimmte Speicherdauer ist nicht vorgesehen. Sie\nk\u00f6nnen jederzeit die L\u00f6schung Ihres Kommentars verlangen.<\/p>\n\n\n\n<p><strong>(5)&nbsp; WIDERSPRUCHSRECHT<\/strong><\/p>\n\n\n\n<p><strong>Sie haben das Recht,\nder Datenverarbeitung die auf der Grundlage des Art. 6 Abs. 1 f) DSGVO erfolgt\nund nicht der Direktwerbung dient aus Gr\u00fcnden, die sich aus Ihrer besonderen\nSituation ergeben, jederzeit zu widersprechen.<\/strong><\/p>\n\n\n\n<p><strong>Im Falle der\nDirektwerbung k\u00f6nnen Sie der Verarbeitung hingegen ohne Angabe von Gr\u00fcnden\njederzeit widersprechen.<\/strong><\/p>\n\n\n\n<p>\u00a7 4 Rechte der betroffenen Person<\/p>\n\n\n\n<p>Werden personenbezogene Daten von Ihnen verarbeitet, sind\nSie Betroffener i.S.d. DSGVO und es stehen Ihnen folgende Rechte uns gegen\u00fcber\nzu:<\/p>\n\n\n\n<p><strong>1. Auskunftsrecht<\/strong><\/p>\n\n\n\n<p>Sie k\u00f6nnen von uns eine Best\u00e4tigung dar\u00fcber verlangen, ob\npersonenbezogene Daten, die Sie betreffen, von uns verarbeitet werden.<\/p>\n\n\n\n<p>Liegt eine solche Verarbeitung vor, k\u00f6nnen Sie von uns \u00fcber\nfolgende Informationen Auskunft verlangen:<\/p>\n\n\n\n<p>(1) die Zwecke, zu denen die personenbezogenen Daten\nverarbeitet werden;<\/p>\n\n\n\n<p>(2) die Kategorien von personenbezogenen Daten, welche\nverarbeitet werden;<\/p>\n\n\n\n<p>(3) die Empf\u00e4nger bzw. die Kategorien von Empf\u00e4ngern,\ngegen\u00fcber denen die Sie betreffenden personenbezogenen Daten offengelegt wurden\noder noch offengelegt werden;<\/p>\n\n\n\n<p>(4) die geplante Dauer der Speicherung der Sie betreffenden\npersonenbezogenen Daten oder, falls konkrete Angaben hierzu nicht m\u00f6glich sind,\nKriterien f\u00fcr die Festlegung der Speicherdauer;<\/p>\n\n\n\n<p>(5) das Bestehen eines Rechts auf Berichtigung oder L\u00f6schung\nder Sie betreffenden personenbezogenen Daten, eines Rechts auf Einschr\u00e4nkung\nder Verarbeitung durch uns oder eines Widerspruchsrechts gegen diese\nVerarbeitung;<\/p>\n\n\n\n<p>(6) das Bestehen eines Beschwerderechts bei einer\nAufsichtsbeh\u00f6rde;<\/p>\n\n\n\n<p>(7) alle verf\u00fcgbaren Informationen \u00fcber die Herkunft der\nDaten, wenn die personenbezogenen Daten nicht bei der betroffenen Person\nerhoben werden;<\/p>\n\n\n\n<p>(8) das Bestehen einer automatisierten Entscheidungsfindung\neinschlie\u00dflich Profiling gem\u00e4\u00df Art.&nbsp;22 Abs.&nbsp;1 und 4 DSGVO und \u2013\nzumindest in diesen F\u00e4llen \u2013 aussagekr\u00e4ftige Informationen \u00fcber die involvierte\nLogik sowie die Tragweite und die angestrebten Auswirkungen einer derartigen\nVerarbeitung f\u00fcr die betroffene Person.<\/p>\n\n\n\n<p>Ihnen steht das Recht zu, Auskunft dar\u00fcber zu verlangen, ob\ndie Sie betreffenden personenbezogenen Daten in ein Drittland oder an eine\ninternationale Organisation \u00fcbermittelt werden. In diesem Zusammenhang k\u00f6nnen\nSie verlangen, \u00fcber die geeigneten Garantien gem. Art.&nbsp;46 DSGVO im\nZusammenhang mit der \u00dcbermittlung unterrichtet zu werden.<\/p>\n\n\n\n<p><strong>2. Recht auf\nBerichtigung<\/strong><\/p>\n\n\n\n<p>Sie haben ein Recht auf Berichtigung und\/oder\nVervollst\u00e4ndigung uns gegen\u00fcber, sofern die verarbeiteten personenbezogenen\nDaten, die Sie betreffen, unrichtig oder unvollst\u00e4ndig sind. Wir m\u00fcssen die\nBerichtigung unverz\u00fcglich vornehmen.<\/p>\n\n\n\n<p><strong>3. Recht auf\nEinschr\u00e4nkung der Verarbeitung<\/strong><\/p>\n\n\n\n<p>Unter den folgenden Voraussetzungen k\u00f6nnen Sie die\nEinschr\u00e4nkung der Verarbeitung der Sie betreffenden personenbezogenen Daten\nverlangen:<\/p>\n\n\n\n<p>(1) wenn Sie die Richtigkeit der Sie betreffenden\npersonenbezogenen Daten f\u00fcr eine Dauer bestreiten, die es uns erm\u00f6glicht, die\nRichtigkeit der personenbezogenen Daten zu \u00fcberpr\u00fcfen;<\/p>\n\n\n\n<p>(2) wenn die Verarbeitung unrechtm\u00e4\u00dfig ist und Sie die\nL\u00f6schung der personenbezogenen Daten ablehnen und stattdessen die Einschr\u00e4nkung\nder Nutzung der personenbezogenen Daten verlangen;<\/p>\n\n\n\n<p>(3) wenn wir die personenbezogenen Daten f\u00fcr die Zwecke der\nVerarbeitung nicht l\u00e4nger ben\u00f6tigen, Sie diese jedoch zur Geltendmachung,\nAus\u00fcbung oder Verteidigung von Rechtsanspr\u00fcchen ben\u00f6tigen, oder<\/p>\n\n\n\n<p>(4) wenn Sie Widerspruch gegen die Verarbeitung gem\u00e4\u00df\nArt.&nbsp;21 Abs.&nbsp;1 DSGVO eingelegt haben und noch nicht feststeht, ob die\nuns zustehenden berechtigten Gr\u00fcnde gegen\u00fcber Ihren Gr\u00fcnden \u00fcberwiegen.<\/p>\n\n\n\n<p>Wurde die Verarbeitung der Sie betreffenden\npersonenbezogenen Daten eingeschr\u00e4nkt, d\u00fcrfen diese Daten \u2013 von ihrer\nSpeicherung abgesehen \u2013 nur mit Ihrer Einwilligung oder zur Geltendmachung,\nAus\u00fcbung oder Verteidigung von Rechtsanspr\u00fcchen oder zum Schutz der Rechte\neiner anderen nat\u00fcrlichen oder juristischen Person oder aus Gr\u00fcnden eines\nwichtigen \u00f6ffentlichen Interesses der Union oder eines Mitgliedstaats\nverarbeitet werden.<\/p>\n\n\n\n<p>Wurde die Einschr\u00e4nkung der Verarbeitung nach den oben\ngenannten Voraussetzungen eingeschr\u00e4nkt, werden Sie von uns unterrichtet bevor\ndie Einschr\u00e4nkung aufgehoben wird.<\/p>\n\n\n\n<p><strong>4. Recht auf L\u00f6schung<\/strong><\/p>\n\n\n\n<p>a) L\u00f6schungspflicht<\/p>\n\n\n\n<p>Sie k\u00f6nnen von uns verlangen, dass die Sie betreffenden\npersonenbezogenen Daten unverz\u00fcglich gel\u00f6scht werden, und wir sind\nverpflichtet, diese Daten unverz\u00fcglich zu l\u00f6schen, sofern einer der folgenden\nGr\u00fcnde zutrifft:<\/p>\n\n\n\n<p>(1) Die Sie betreffenden personenbezogenen Daten sind f\u00fcr\ndie Zwecke, f\u00fcr die sie erhoben oder auf sonstige Weise verarbeitet wurden,\nnicht mehr notwendig.<\/p>\n\n\n\n<p>(2) Sie widerrufen Ihre Einwilligung, auf die sich die\nVerarbeitung gem. Art.&nbsp;6 Abs.&nbsp;1 lit.&nbsp;a oder Art.&nbsp;9\nAbs.&nbsp;2 lit.&nbsp;a DSGVO st\u00fctzte, und es fehlt an einer anderweitigen\nRechtsgrundlage f\u00fcr die Verarbeitung.<\/p>\n\n\n\n<p>(3) Sie legen gem. Art.&nbsp;21 Abs.&nbsp;1 DSGVO\nWiderspruch gegen die Verarbeitung ein und es liegen keine vorrangigen\nberechtigten Gr\u00fcnde f\u00fcr die Verarbeitung vor, oder Sie legen gem. Art.&nbsp;21 Abs.&nbsp;2\nDSGVO Widerspruch gegen die Verarbeitung ein.<\/p>\n\n\n\n<p>(4) Die Sie betreffenden personenbezogenen Daten wurden\nunrechtm\u00e4\u00dfig verarbeitet.<\/p>\n\n\n\n<p>(5) Die L\u00f6schung der Sie betreffenden personenbezogenen\nDaten ist zur Erf\u00fcllung einer rechtlichen Verpflichtung nach dem Unionsrecht\noder dem Recht der Mitgliedstaaten erforderlich, dem wir unterliegen.<\/p>\n\n\n\n<p>(6) Die Sie betreffenden personenbezogenen Daten wurden in\nBezug auf angebotene Dienste der Informationsgesellschaft gem\u00e4\u00df Art.&nbsp;8\nAbs.&nbsp;1 DSGVO erhoben.<\/p>\n\n\n\n<p>b) Information an Dritte<\/p>\n\n\n\n<p>Haben wir die Sie betreffenden personenbezogenen Daten\n\u00f6ffentlich gemacht und sind wir gem. Art.&nbsp;17 Abs.&nbsp;1 DSGVO zu deren\nL\u00f6schung verpflichtet, so treffen wir unter Ber\u00fccksichtigung der verf\u00fcgbaren\nTechnologie und der Implementierungskosten angemessene Ma\u00dfnahmen, auch\ntechnischer Art, um die f\u00fcr die Datenverarbeitung Verantwortlichen, die die\npersonenbezogenen Daten verarbeiten, dar\u00fcber zu informieren, dass Sie als\nbetroffene Person von ihnen die L\u00f6schung aller Links zu diesen\npersonenbezogenen Daten oder von Kopien oder Replikationen dieser\npersonenbezogenen Daten verlangt haben.<\/p>\n\n\n\n<p>c) Ausnahmen<\/p>\n\n\n\n<p>Das Recht auf L\u00f6schung besteht nicht, soweit die\nVerarbeitung erforderlich ist<\/p>\n\n\n\n<p>(1) zur Aus\u00fcbung des Rechts auf freie Meinungs\u00e4u\u00dferung und\nInformation;<\/p>\n\n\n\n<p>(2) zur Erf\u00fcllung einer rechtlichen Verpflichtung, die die\nVerarbeitung nach dem Recht der Union oder der Mitgliedstaaten, dem wir\nunterliegen, erfordert, oder zur Wahrnehmung einer Aufgabe, die im \u00f6ffentlichen\nInteresse liegt oder in Aus\u00fcbung \u00f6ffentlicher Gewalt erfolgt, die uns\n\u00fcbertragen wurde;<\/p>\n\n\n\n<p>(3) aus Gr\u00fcnden des \u00f6ffentlichen Interesses im Bereich der\n\u00f6ffentlichen Gesundheit gem\u00e4\u00df Art.&nbsp;9 Abs.&nbsp;2 lit.&nbsp;h und i sowie\nArt.&nbsp;9 Abs.&nbsp;3 DSGVO;<\/p>\n\n\n\n<p>(4) f\u00fcr im \u00f6ffentlichen Interesse liegende Archivzwecke,\nwissenschaftliche oder historische Forschungszwecke oder f\u00fcr statistische\nZwecke gem. Art.&nbsp;89 Abs.&nbsp;1 DSGVO, soweit das unter Abschnitt a)\ngenannte Recht voraussichtlich die Verwirklichung der Ziele dieser Verarbeitung\nunm\u00f6glich macht oder ernsthaft beeintr\u00e4chtigt, oder<\/p>\n\n\n\n<p>(5) zur Geltendmachung, Aus\u00fcbung oder Verteidigung von\nRechtsanspr\u00fcchen.<\/p>\n\n\n\n<p><strong>5. Recht auf\nUnterrichtung<\/strong><\/p>\n\n\n\n<p>Haben Sie das Recht auf Berichtigung, L\u00f6schung oder\nEinschr\u00e4nkung der Verarbeitung uns gegen\u00fcber geltend gemacht, sind wir\nverpflichtet, allen Empf\u00e4ngern, denen die Sie betreffenden personenbezogenen\nDaten offengelegt wurden, diese Berichtigung oder L\u00f6schung der Daten oder\nEinschr\u00e4nkung der Verarbeitung mitzuteilen, es sei denn, dies erweist sich als\nunm\u00f6glich oder ist mit einem unverh\u00e4ltnism\u00e4\u00dfigen Aufwand verbunden.<\/p>\n\n\n\n<p>Ihnen steht uns gegen\u00fcber das Recht zu, \u00fcber diese Empf\u00e4nger\nunterrichtet zu werden.<\/p>\n\n\n\n<p><strong>6. Recht auf\nDaten\u00fcbertragbarkeit<\/strong><\/p>\n\n\n\n<p>Sie haben das Recht, die Sie betreffenden personenbezogenen\nDaten, die Sie uns bereitgestellt haben, in einem strukturierten, g\u00e4ngigen und\nmaschinenlesbaren Format zu erhalten. Au\u00dferdem haben Sie das Recht diese Daten\neinem anderen Verantwortlichen ohne Behinderung zu \u00fcbermitteln, sofern<\/p>\n\n\n\n<p>(1) die Verarbeitung auf einer Einwilligung gem. Art.&nbsp;6\nAbs.&nbsp;1 lit.&nbsp;a DSGVO oder Art.&nbsp;9 Abs.&nbsp;2 lit.&nbsp;a DSGVO\noder auf einem Vertrag gem. Art.&nbsp;6 Abs.&nbsp;1 lit.&nbsp;b DSGVO beruht\nund<\/p>\n\n\n\n<p>(2) die Verarbeitung mithilfe automatisierter Verfahren\nerfolgt.<\/p>\n\n\n\n<p>In Aus\u00fcbung dieses Rechts haben Sie ferner das Recht, zu\nerwirken, dass die Sie betreffenden personenbezogenen Daten direkt von uns\neinem anderen Verantwortlichen \u00fcbermittelt werden, soweit dies technisch\nmachbar ist. Freiheiten und Rechte anderer Personen d\u00fcrfen hierdurch nicht\nbeeintr\u00e4chtigt werden.<\/p>\n\n\n\n<p>Das Recht auf Daten\u00fcbertragbarkeit gilt nicht f\u00fcr eine\nVerarbeitung personenbezogener Daten, die f\u00fcr die Wahrnehmung einer Aufgabe\nerforderlich ist, die im \u00f6ffentlichen Interesse liegt oder in Aus\u00fcbung\n\u00f6ffentlicher Gewalt erfolgt, die uns \u00fcbertragen wurde.<\/p>\n\n\n\n<p><strong>7. Widerspruchsrecht<\/strong><\/p>\n\n\n\n<p>Sie haben das Recht, aus Gr\u00fcnden, die sich aus Ihrer\nbesonderen Situation ergeben, jederzeit gegen die Verarbeitung der Sie\nbetreffenden personenbezogenen Daten, die aufgrund von Art.&nbsp;6 Abs.&nbsp;1\nlit.&nbsp;e oder f DSGVO erfolgt, Widerspruch einzulegen; dies gilt auch f\u00fcr\nein auf diese Bestimmungen gest\u00fctztes Profiling.<\/p>\n\n\n\n<p>Wir verarbeiten die Sie betreffenden personenbezogenen Daten\ndann nicht mehr, es sei denn, wir k\u00f6nnen zwingende schutzw\u00fcrdige Gr\u00fcnde f\u00fcr die\nVerarbeitung nachweisen, die Ihre Interessen, Rechte und Freiheiten \u00fcberwiegen,\noder die Verarbeitung dient der Geltendmachung, Aus\u00fcbung oder Verteidigung von\nRechtsanspr\u00fcchen.<\/p>\n\n\n\n<p>Werden die Sie betreffenden personenbezogenen Daten\nverarbeitet, um Direktwerbung zu betreiben, haben Sie das Recht, jederzeit\nWiderspruch gegen die Verarbeitung der Sie betreffenden personenbezogenen Daten\nzum Zwecke derartiger Werbung einzulegen; dies gilt auch f\u00fcr das Profiling,\nsoweit es mit solcher Direktwerbung in Verbindung steht.<\/p>\n\n\n\n<p>Widersprechen Sie der Verarbeitung f\u00fcr Zwecke der\nDirektwerbung, so werden die Sie betreffenden personenbezogenen Daten nicht\nmehr f\u00fcr diese Zwecke verarbeitet.<\/p>\n\n\n\n<p>Sie haben die M\u00f6glichkeit, im Zusammenhang mit der Nutzung\nvon Diensten der Informationsgesellschaft \u2013 ungeachtet der Richtlinie\n2002\/58\/EG \u2013 Ihr Widerspruchsrecht mittels automatisierter Verfahren auszu\u00fcben,\nbei denen technische Spezifikationen verwendet werden.<\/p>\n\n\n\n<p><strong>8. Recht auf Widerruf\nder datenschutzrechtlichen Einwilligungserkl\u00e4rung<\/strong><\/p>\n\n\n\n<p>Sie haben das Recht, Ihre datenschutzrechtliche\nEinwilligungserkl\u00e4rung jederzeit zu widerrufen. Durch den Widerruf der\nEinwilligung wird die Rechtm\u00e4\u00dfigkeit der aufgrund der Einwilligung bis zum\nWiderruf erfolgten Verarbeitung nicht ber\u00fchrt.<\/p>\n\n\n\n<p><strong>9. Automatisierte\nEntscheidung im Einzelfall einschlie\u00dflich Profiling<\/strong><\/p>\n\n\n\n<p>Sie haben das Recht, nicht einer ausschlie\u00dflich auf einer\nautomatisierten Verarbeitung \u2013 einschlie\u00dflich Profiling \u2013 beruhenden\nEntscheidung unterworfen zu werden, die Ihnen gegen\u00fcber rechtliche Wirkung\nentfaltet oder Sie in \u00e4hnlicher Weise erheblich beeintr\u00e4chtigt. Dies gilt\nnicht, wenn die Entscheidung<\/p>\n\n\n\n<p>(1) f\u00fcr den Abschluss oder die Erf\u00fcllung eines Vertrags\nzwischen Ihnen und uns erforderlich ist,<\/p>\n\n\n\n<p>(2) aufgrund von Rechtsvorschriften der Union oder der\nMitgliedstaaten, denen wir unterliegen, zul\u00e4ssig ist und diese\nRechtsvorschriften angemessene Ma\u00dfnahmen zur Wahrung Ihrer Rechte und\nFreiheiten sowie Ihrer berechtigten Interessen enthalten oder<\/p>\n\n\n\n<p>(3) mit Ihrer ausdr\u00fccklichen Einwilligung erfolgt.<\/p>\n\n\n\n<p>Allerdings d\u00fcrfen diese Entscheidungen nicht auf besonderen\nKategorien personenbezogener Daten nach Art.&nbsp;9 Abs.&nbsp;1 DSGVO beruhen,\nsofern nicht Art.&nbsp;9 Abs.&nbsp;2 lit.&nbsp;a oder g gilt und angemessene\nMa\u00dfnahmen zum Schutz der Rechte und Freiheiten sowie Ihrer berechtigten\nInteressen getroffen wurden.<\/p>\n\n\n\n<p>Hinsichtlich der in (1) und (3) genannten F\u00e4lle treffen wir\nangemessene Ma\u00dfnahmen, um die Rechte und Freiheiten sowie Ihre berechtigten\nInteressen zu wahren.<\/p>\n\n\n\n<p><strong>10. Recht auf\nBeschwerde bei einer Aufsichtsbeh\u00f6rde<\/strong><\/p>\n\n\n\n<p>Unbeschadet eines anderweitigen verwaltungsrechtlichen oder\ngerichtlichen Rechtsbehelfs steht Ihnen das Recht auf Beschwerde bei einer\nAufsichtsbeh\u00f6rde, insbesondere in dem Mitgliedstaat Ihres Aufenthaltsorts,\nIhres Arbeitsplatzes oder des Orts des mutma\u00dflichen Versto\u00dfes, zu, wenn Sie der\nAnsicht sind, dass die Verarbeitung der Sie betreffenden personenbezogenen\nDaten gegen die DSGVO verst\u00f6\u00dft.<\/p>\n\n\n\n<p>Die Aufsichtsbeh\u00f6rde, bei der die Beschwerde eingereicht\nwurde, unterrichtet den Beschwerdef\u00fchrer \u00fcber den Stand und die Ergebnisse der\nBeschwerde einschlie\u00dflich der M\u00f6glichkeit eines gerichtlichen Rechtsbehelfs\nnach Art.&nbsp;78 DSGVO.<\/p>\n\n\n\n<p><strong>Verantwortlicher f\u00fcr die Datenverarbeitung:<\/strong><br>\nKamran Akhani<br>\nParkstra\u00dfe 20<br>\n60322 Frankfurt am Main<br>\nTelefon: 069 90558955<br>\nmail@copyamcampus.de<\/p>\n","protected":false},"excerpt":{"rendered":"<p>DATENSCHUTZERKL\u00c4RUNG \u00a7 1 Allgemeines Ihre personenbezogenen Daten (z.B. Anrede, Name, Anschrift, E-Mail-Adresse, Telefonnummer) werden von&hellip;<\/p>\n","protected":false},"author":1,"featured_media":193,"parent":0,"menu_order":0,"comment_status":"closed","ping_status":"open","template":"","meta":[],"_links":{"self":[{"href":"https:\/\/www.copyamcampus.de\/wordpress\/wp-json\/wp\/v2\/pages\/3"}],"collection":[{"href":"https:\/\/www.copyamcampus.de\/wordpress\/wp-json\/wp\/v2\/pages"}],"about":[{"href":"https:\/\/www.copyamcampus.de\/wordpress\/wp-json\/wp\/v2\/types\/page"}],"author":[{"embeddable":true,"href":"https:\/\/www.copyamcampus.de\/wordpress\/wp-json\/wp\/v2\/users\/1"}],"replies":[{"embeddable":true,"href":"https:\/\/www.copyamcampus.de\/wordpress\/wp-json\/wp\/v2\/comments?post=3"}],"version-history":[{"count":2,"href":"https:\/\/www.copyamcampus.de\/wordpress\/wp-json\/wp\/v2\/pages\/3\/revisions"}],"predecessor-version":[{"id":57,"href":"https:\/\/www.copyamcampus.de\/wordpress\/wp-json\/wp\/v2\/pages\/3\/revisions\/57"}],"wp:featuredmedia":[{"embeddable":true,"href":"https:\/\/www.copyamcampus.de\/wordpress\/wp-json\/wp\/v2\/media\/193"}],"wp:attachment":[{"href":"https:\/\/www.copyamcampus.de\/wordpress\/wp-json\/wp\/v2\/media?parent=3"}],"curies":[{"name":"wp","href":"https:\/\/api.w.org\/{rel}","templated":true}]}}