{"id":41,"date":"2019-08-15T19:13:34","date_gmt":"2019-08-15T17:13:34","guid":{"rendered":"https:\/\/www.copyamcampus.de\/wordpress\/?page_id=41"},"modified":"2022-08-26T10:10:56","modified_gmt":"2022-08-26T08:10:56","slug":"druck","status":"publish","type":"page","link":"https:\/\/www.copyamcampus.de\/wordpress\/druck\/","title":{"rendered":"Kopieren\/Drucken\/Plotten"},"content":{"rendered":"\n<p>Druck und Kopie bis A3 \u2013 Schwarzwei\u00df oder Farbe,  Abschluss- und Hausarbeiten,  Brosch\u00fcren, Pr\u00e4sentationen, Einladungen, Visitenkarten, Flyer und  \u00e4hnliches sind in unserem Frankfurter Copy Shop m\u00f6glich.<\/p>\n\n\n\n<p>Plotten: In unserem Copy-Shop im Herzen des Frankfurter Westends plotten wir dar\u00fcber hinaus Plakate, Poster und Baupl\u00e4ne nach ihren W\u00fcnschen direkt vor Ort. Gr\u00f6\u00dfen: A2, A1, A0, Benutzerdefinierte Gr\u00f6\u00dfen:<br>Papier: 90g Mat, 140g Matt, 190g Glossy<\/p>\n\n\n\n<ul class=\"wp-container-2 wp-block-gallery-1 wp-block-gallery columns-2 is-cropped\"><li class=\"blocks-gallery-item\"><figure><a href=\"https:\/\/www.copyamcampus.de\/wordpress\/wp-content\/uploads\/2019\/08\/Plotter.jpg\"><img loading=\"lazy\" width=\"775\" height=\"698\" src=\"https:\/\/www.copyamcampus.de\/wordpress\/wp-content\/uploads\/2019\/08\/Plotter.jpg\" alt=\"\" data-id=\"141\" data-link=\"https:\/\/www.copyamcampus.de\/wordpress\/plotter\/\" class=\"wp-image-141\" srcset=\"https:\/\/www.copyamcampus.de\/wordpress\/wp-content\/uploads\/2019\/08\/Plotter.jpg 775w, https:\/\/www.copyamcampus.de\/wordpress\/wp-content\/uploads\/2019\/08\/Plotter-300x270.jpg 300w, https:\/\/www.copyamcampus.de\/wordpress\/wp-content\/uploads\/2019\/08\/Plotter-768x692.jpg 768w\" sizes=\"(max-width: 775px) 100vw, 775px\" \/><\/a><\/figure><\/li><li class=\"blocks-gallery-item\"><figure><a href=\"https:\/\/www.copyamcampus.de\/wordpress\/wp-content\/uploads\/2019\/08\/DSC_0017-1024x679.jpg\"><img loading=\"lazy\" width=\"1024\" height=\"679\" src=\"https:\/\/www.copyamcampus.de\/wordpress\/wp-content\/uploads\/2019\/08\/DSC_0017-1024x679.jpg\" alt=\"\" data-id=\"198\" data-link=\"https:\/\/www.copyamcampus.de\/wordpress\/druck\/dsc_0017\/\" class=\"wp-image-198\" srcset=\"https:\/\/www.copyamcampus.de\/wordpress\/wp-content\/uploads\/2019\/08\/DSC_0017.jpg 1024w, https:\/\/www.copyamcampus.de\/wordpress\/wp-content\/uploads\/2019\/08\/DSC_0017-300x199.jpg 300w, https:\/\/www.copyamcampus.de\/wordpress\/wp-content\/uploads\/2019\/08\/DSC_0017-768x509.jpg 768w\" sizes=\"(max-width: 1024px) 100vw, 1024px\" \/><\/a><\/figure><\/li><\/ul>\n","protected":false},"excerpt":{"rendered":"<p>Druck und Kopie bis A3 \u2013 Schwarzwei\u00df oder Farbe, Abschluss- und Hausarbeiten, Brosch\u00fcren, Pr\u00e4sentationen, Einladungen,&hellip;<\/p>\n","protected":false},"author":1,"featured_media":193,"parent":0,"menu_order":0,"comment_status":"closed","ping_status":"closed","template":"","meta":[],"_links":{"self":[{"href":"https:\/\/www.copyamcampus.de\/wordpress\/wp-json\/wp\/v2\/pages\/41"}],"collection":[{"href":"https:\/\/www.copyamcampus.de\/wordpress\/wp-json\/wp\/v2\/pages"}],"about":[{"href":"https:\/\/www.copyamcampus.de\/wordpress\/wp-json\/wp\/v2\/types\/page"}],"author":[{"embeddable":true,"href":"https:\/\/www.copyamcampus.de\/wordpress\/wp-json\/wp\/v2\/users\/1"}],"replies":[{"embeddable":true,"href":"https:\/\/www.copyamcampus.de\/wordpress\/wp-json\/wp\/v2\/comments?post=41"}],"version-history":[{"count":23,"href":"https:\/\/www.copyamcampus.de\/wordpress\/wp-json\/wp\/v2\/pages\/41\/revisions"}],"predecessor-version":[{"id":302,"href":"https:\/\/www.copyamcampus.de\/wordpress\/wp-json\/wp\/v2\/pages\/41\/revisions\/302"}],"wp:featuredmedia":[{"embeddable":true,"href":"https:\/\/www.copyamcampus.de\/wordpress\/wp-json\/wp\/v2\/media\/193"}],"wp:attachment":[{"href":"https:\/\/www.copyamcampus.de\/wordpress\/wp-json\/wp\/v2\/media?parent=41"}],"curies":[{"name":"wp","href":"https:\/\/api.w.org\/{rel}","templated":true}]}}