{"id":44,"date":"2019-08-15T19:14:16","date_gmt":"2019-08-15T17:14:16","guid":{"rendered":"https:\/\/www.copyamcampus.de\/wordpress\/?page_id=44"},"modified":"2022-08-26T10:15:11","modified_gmt":"2022-08-26T08:15:11","slug":"scannen","status":"publish","type":"page","link":"https:\/\/www.copyamcampus.de\/wordpress\/scannen\/","title":{"rendered":"Scannen"},"content":{"rendered":"\n<p>In unserem Copy-Shop in Frankfurt scannen wir Ihre Dokumente in Schwarzwei\u00df und Farbe mit h\u00f6chster  Aufl\u00f6sung in folgenden Formaten: PDF, TIFF und JPEG, Speichern auf CD,  USB, E-Mail. <\/p>\n\n\n\n<ul class=\"wp-container-2 wp-block-gallery-1 wp-block-gallery columns-3 is-cropped\"><li class=\"blocks-gallery-item\"><figure><a href=\"https:\/\/www.copyamcampus.de\/wordpress\/wp-content\/uploads\/2019\/08\/IMG_2648-767x1024.jpg\"><img loading=\"lazy\" width=\"767\" height=\"1024\" src=\"https:\/\/www.copyamcampus.de\/wordpress\/wp-content\/uploads\/2019\/08\/IMG_2648-767x1024.jpg\" alt=\"\" data-id=\"214\" data-link=\"https:\/\/www.copyamcampus.de\/wordpress\/druck\/img_2648\/\" class=\"wp-image-214\" srcset=\"https:\/\/www.copyamcampus.de\/wordpress\/wp-content\/uploads\/2019\/08\/IMG_2648.jpg 767w, https:\/\/www.copyamcampus.de\/wordpress\/wp-content\/uploads\/2019\/08\/IMG_2648-225x300.jpg 225w\" sizes=\"(max-width: 767px) 100vw, 767px\" \/><\/a><\/figure><\/li><li class=\"blocks-gallery-item\"><figure><a href=\"https:\/\/www.copyamcampus.de\/wordpress\/wp-content\/uploads\/2019\/08\/IMG_2645-1-768x1024.jpg\"><img loading=\"lazy\" width=\"768\" height=\"1024\" src=\"https:\/\/www.copyamcampus.de\/wordpress\/wp-content\/uploads\/2019\/08\/IMG_2645-1-768x1024.jpg\" alt=\"\" data-id=\"255\" data-link=\"https:\/\/www.copyamcampus.de\/wordpress\/img_2645-2\/\" class=\"wp-image-255\" srcset=\"https:\/\/www.copyamcampus.de\/wordpress\/wp-content\/uploads\/2019\/08\/IMG_2645-1.jpg 768w, https:\/\/www.copyamcampus.de\/wordpress\/wp-content\/uploads\/2019\/08\/IMG_2645-1-225x300.jpg 225w\" sizes=\"(max-width: 768px) 100vw, 768px\" \/><\/a><\/figure><\/li><li class=\"blocks-gallery-item\"><figure><a href=\"https:\/\/www.copyamcampus.de\/wordpress\/wp-content\/uploads\/2019\/08\/IMG_2647-715x1024.jpg\"><img loading=\"lazy\" width=\"715\" height=\"1024\" src=\"https:\/\/www.copyamcampus.de\/wordpress\/wp-content\/uploads\/2019\/08\/IMG_2647-715x1024.jpg\" alt=\"\" data-id=\"213\" data-link=\"https:\/\/www.copyamcampus.de\/wordpress\/druck\/img_2647\/\" class=\"wp-image-213\" srcset=\"https:\/\/www.copyamcampus.de\/wordpress\/wp-content\/uploads\/2019\/08\/IMG_2647.jpg 715w, https:\/\/www.copyamcampus.de\/wordpress\/wp-content\/uploads\/2019\/08\/IMG_2647-209x300.jpg 209w\" sizes=\"(max-width: 715px) 100vw, 715px\" \/><\/a><\/figure><\/li><\/ul>\n","protected":false},"excerpt":{"rendered":"<p>In unserem Copy-Shop in Frankfurt scannen wir Ihre Dokumente in Schwarzwei\u00df und Farbe mit h\u00f6chster&hellip;<\/p>\n","protected":false},"author":1,"featured_media":193,"parent":0,"menu_order":0,"comment_status":"closed","ping_status":"closed","template":"","meta":[],"_links":{"self":[{"href":"https:\/\/www.copyamcampus.de\/wordpress\/wp-json\/wp\/v2\/pages\/44"}],"collection":[{"href":"https:\/\/www.copyamcampus.de\/wordpress\/wp-json\/wp\/v2\/pages"}],"about":[{"href":"https:\/\/www.copyamcampus.de\/wordpress\/wp-json\/wp\/v2\/types\/page"}],"author":[{"embeddable":true,"href":"https:\/\/www.copyamcampus.de\/wordpress\/wp-json\/wp\/v2\/users\/1"}],"replies":[{"embeddable":true,"href":"https:\/\/www.copyamcampus.de\/wordpress\/wp-json\/wp\/v2\/comments?post=44"}],"version-history":[{"count":8,"href":"https:\/\/www.copyamcampus.de\/wordpress\/wp-json\/wp\/v2\/pages\/44\/revisions"}],"predecessor-version":[{"id":303,"href":"https:\/\/www.copyamcampus.de\/wordpress\/wp-json\/wp\/v2\/pages\/44\/revisions\/303"}],"wp:featuredmedia":[{"embeddable":true,"href":"https:\/\/www.copyamcampus.de\/wordpress\/wp-json\/wp\/v2\/media\/193"}],"wp:attachment":[{"href":"https:\/\/www.copyamcampus.de\/wordpress\/wp-json\/wp\/v2\/media?parent=44"}],"curies":[{"name":"wp","href":"https:\/\/api.w.org\/{rel}","templated":true}]}}