{"id":97,"date":"2019-08-15T20:29:39","date_gmt":"2019-08-15T18:29:39","guid":{"rendered":"https:\/\/www.copyamcampus.de\/wordpress\/?page_id=97"},"modified":"2022-08-26T10:19:37","modified_gmt":"2022-08-26T08:19:37","slug":"weiterverarbeitung","status":"publish","type":"page","link":"https:\/\/www.copyamcampus.de\/wordpress\/weiterverarbeitung\/","title":{"rendered":"Verarbeitungen"},"content":{"rendered":"\n<p>Auch die weitere Verarbeitung Ihrer Auftr\u00e4ge wie z.B. Schneiden, Lochen, Falten, Heften, Nuten, Laminieren und mehr \u00fcbernehmen wir gerne f\u00fcr Sie in unserem Frankfurter Copy-Shop.<\/p>\n\n\n\n<p>Auch Bindungen und Pr\u00e4gungen bieten wir selbstverst\u00e4ndlich an: Hardcover ab 36 \u2013 280 Blatt erh\u00e4ltlich, Pr\u00e4gung  m\u00f6glich (Schrift in Gold und Silber), Softcover bis ca. 600 Blatt  erh\u00e4ltlich sowie  Kunststoffspiral- und Metallspiralbindungen.<\/p>\n\n\n\n<ul class=\"wp-container-2 wp-block-gallery-1 wp-block-gallery columns-2 is-cropped\"><li class=\"blocks-gallery-item\"><figure><a href=\"https:\/\/www.copyamcampus.de\/wordpress\/wp-content\/uploads\/2019\/08\/DSC_0024-1024x678.jpg\"><img loading=\"lazy\" width=\"1024\" height=\"678\" src=\"https:\/\/www.copyamcampus.de\/wordpress\/wp-content\/uploads\/2019\/08\/DSC_0024-1024x678.jpg\" alt=\"\" data-id=\"208\" data-link=\"https:\/\/www.copyamcampus.de\/wordpress\/druck\/dsc_0024\/\" class=\"wp-image-208\" srcset=\"https:\/\/www.copyamcampus.de\/wordpress\/wp-content\/uploads\/2019\/08\/DSC_0024.jpg 1024w, https:\/\/www.copyamcampus.de\/wordpress\/wp-content\/uploads\/2019\/08\/DSC_0024-300x199.jpg 300w, https:\/\/www.copyamcampus.de\/wordpress\/wp-content\/uploads\/2019\/08\/DSC_0024-768x509.jpg 768w\" sizes=\"(max-width: 1024px) 100vw, 1024px\" \/><\/a><\/figure><\/li><li class=\"blocks-gallery-item\"><figure><a href=\"https:\/\/www.copyamcampus.de\/wordpress\/wp-content\/uploads\/2019\/08\/DSC_0026-1024x678.jpg\"><img loading=\"lazy\" width=\"1024\" height=\"678\" src=\"https:\/\/www.copyamcampus.de\/wordpress\/wp-content\/uploads\/2019\/08\/DSC_0026-1024x678.jpg\" alt=\"\" data-id=\"209\" data-link=\"https:\/\/www.copyamcampus.de\/wordpress\/druck\/dsc_0026\/\" class=\"wp-image-209\" srcset=\"https:\/\/www.copyamcampus.de\/wordpress\/wp-content\/uploads\/2019\/08\/DSC_0026.jpg 1024w, https:\/\/www.copyamcampus.de\/wordpress\/wp-content\/uploads\/2019\/08\/DSC_0026-300x199.jpg 300w, https:\/\/www.copyamcampus.de\/wordpress\/wp-content\/uploads\/2019\/08\/DSC_0026-768x509.jpg 768w\" sizes=\"(max-width: 1024px) 100vw, 1024px\" \/><\/a><\/figure><\/li><\/ul>\n","protected":false},"excerpt":{"rendered":"<p>Auch die weitere Verarbeitung Ihrer Auftr\u00e4ge wie z.B. Schneiden, Lochen, Falten, Heften, Nuten, Laminieren und&hellip;<\/p>\n","protected":false},"author":1,"featured_media":193,"parent":0,"menu_order":0,"comment_status":"closed","ping_status":"closed","template":"","meta":[],"_links":{"self":[{"href":"https:\/\/www.copyamcampus.de\/wordpress\/wp-json\/wp\/v2\/pages\/97"}],"collection":[{"href":"https:\/\/www.copyamcampus.de\/wordpress\/wp-json\/wp\/v2\/pages"}],"about":[{"href":"https:\/\/www.copyamcampus.de\/wordpress\/wp-json\/wp\/v2\/types\/page"}],"author":[{"embeddable":true,"href":"https:\/\/www.copyamcampus.de\/wordpress\/wp-json\/wp\/v2\/users\/1"}],"replies":[{"embeddable":true,"href":"https:\/\/www.copyamcampus.de\/wordpress\/wp-json\/wp\/v2\/comments?post=97"}],"version-history":[{"count":17,"href":"https:\/\/www.copyamcampus.de\/wordpress\/wp-json\/wp\/v2\/pages\/97\/revisions"}],"predecessor-version":[{"id":304,"href":"https:\/\/www.copyamcampus.de\/wordpress\/wp-json\/wp\/v2\/pages\/97\/revisions\/304"}],"wp:featuredmedia":[{"embeddable":true,"href":"https:\/\/www.copyamcampus.de\/wordpress\/wp-json\/wp\/v2\/media\/193"}],"wp:attachment":[{"href":"https:\/\/www.copyamcampus.de\/wordpress\/wp-json\/wp\/v2\/media?parent=97"}],"curies":[{"name":"wp","href":"https:\/\/api.w.org\/{rel}","templated":true}]}}